{"id":4004,"date":"2021-11-11T17:12:07","date_gmt":"2021-11-11T17:12:07","guid":{"rendered":"https:\/\/www.drzeinaclinic.com\/?page_id=4004"},"modified":"2021-12-01T10:05:32","modified_gmt":"2021-12-01T10:05:32","slug":"about-dre-zeina-abou-khalil","status":"publish","type":"page","link":"https:\/\/drzeinaclinic.com\/eng\/about-dre-zeina-abou-khalil","title":{"rendered":"About Dre Zeina Abou-Khalil"},"content":{"rendered":"<div data-elementor-type=\"wp-page\" data-elementor-id=\"4004\" class=\"elementor elementor-4004\">\n\t\t\t\t\t\t\t\t\t<section data-exad-particle-enable=\"false\" class=\"elementor-section elementor-top-section elementor-element elementor-element-56061cb elementor-section-height-min-height elementor-section-items-stretch elementor-section-full_width elementor-reverse-mobile elementor-section-height-default exad-parallax-effect-no exad-background-color-change-no exad-glass-effect-no exad-sticky-section-no\" data-id=\"56061cb\" data-element_type=\"section\" data-settings=\"{&quot;background_background&quot;:&quot;classic&quot;}\">\n\t\t\t\t\t\t<div class=\"elementor-container elementor-column-gap-default\">\n\t\t\t\t\t<div class=\"elementor-column elementor-col-33 elementor-top-column elementor-element elementor-element-188b621 exad-glass-effect-no exad-sticky-section-no\" data-id=\"188b621\" data-element_type=\"column\" data-settings=\"{&quot;background_background&quot;:&quot;classic&quot;}\">\n\t\t\t<div class=\"elementor-widget-wrap elementor-element-populated\">\n\t\t\t\t\t\t\t\t<div class=\"elementor-element elementor-element-9998b38 exad-sticky-section-no exad-glass-effect-no elementor-widget elementor-widget-image\" data-id=\"9998b38\" data-element_type=\"widget\" data-widget_type=\"image.default\">\n\t\t\t\t<div class=\"elementor-widget-container\">\n\t\t\t\t\t\t\t\t\t\t\t\t\t\t\t<img decoding=\"async\" width=\"300\" height=\"185\" src=\"https:\/\/drzeinaclinic.com\/wp-content\/uploads\/2021\/11\/DreZeina_Logo.svg\" class=\"attachment-full size-full wp-image-3393\" alt=\"\" \/>\t\t\t\t\t\t\t\t\t\t\t\t\t\t\t<\/div>\n\t\t\t\t<\/div>\n\t\t\t\t<div class=\"elementor-element elementor-element-a94b54c exad-sticky-section-no exad-glass-effect-no elementor-widget elementor-widget-text-editor\" data-id=\"a94b54c\" data-element_type=\"widget\" data-widget_type=\"text-editor.default\">\n\t\t\t\t<div class=\"elementor-widget-container\">\n\t\t\t\t\t\t\t<p>\"We must never stop learning if we want to perfect our art. It\u2019s my duty to give my best to my patients, and luckily it\u2019s also a pleasure!\u201d<\/p>\t\t\t\t\t\t<\/div>\n\t\t\t\t<\/div>\n\t\t\t\t\t<\/div>\n\t\t<\/div>\n\t\t\t\t<div class=\"elementor-column elementor-col-66 elementor-top-column elementor-element elementor-element-4112117 exad-glass-effect-no exad-sticky-section-no\" data-id=\"4112117\" data-element_type=\"column\">\n\t\t\t<div class=\"elementor-widget-wrap elementor-element-populated\">\n\t\t\t\t\t\t\t\t<div class=\"elementor-element elementor-element-ee454c3 exad-sticky-section-no exad-glass-effect-no elementor-widget elementor-widget-image\" data-id=\"ee454c3\" data-element_type=\"widget\" data-widget_type=\"image.default\">\n\t\t\t\t<div class=\"elementor-widget-container\">\n\t\t\t\t\t\t\t\t\t\t\t\t\t\t\t<img decoding=\"async\" width=\"2000\" height=\"2000\" src=\"https:\/\/drzeinaclinic.com\/wp-content\/uploads\/2021\/11\/ZEINA-CLINIC.webp\" class=\"attachment-full size-full wp-image-3294\" alt=\"Dre. Zeina Abou Khalil clinique dentaire\" srcset=\"https:\/\/drzeinaclinic.com\/wp-content\/uploads\/2021\/11\/ZEINA-CLINIC.webp 2000w, https:\/\/drzeinaclinic.com\/wp-content\/uploads\/2021\/11\/ZEINA-CLINIC-300x300.webp 300w, https:\/\/drzeinaclinic.com\/wp-content\/uploads\/2021\/11\/ZEINA-CLINIC-1024x1024.webp 1024w, https:\/\/drzeinaclinic.com\/wp-content\/uploads\/2021\/11\/ZEINA-CLINIC-150x150.webp 150w, https:\/\/drzeinaclinic.com\/wp-content\/uploads\/2021\/11\/ZEINA-CLINIC-768x768.webp 768w, https:\/\/drzeinaclinic.com\/wp-content\/uploads\/2021\/11\/ZEINA-CLINIC-1536x1536.webp 1536w\" sizes=\"(max-width: 2000px) 100vw, 2000px\" \/>\t\t\t\t\t\t\t\t\t\t\t\t\t\t\t<\/div>\n\t\t\t\t<\/div>\n\t\t\t\t\t<\/div>\n\t\t<\/div>\n\t\t\t\t\t\t\t<\/div>\n\t\t<\/section>\n\t\t\t\t<section data-exad-particle-enable=\"false\" class=\"elementor-section elementor-top-section elementor-element elementor-element-e3ea73f elementor-section-full_width elementor-section-height-min-height elementor-section-items-stretch elementor-section-height-default exad-parallax-effect-no exad-background-color-change-no exad-glass-effect-no exad-sticky-section-no\" data-id=\"e3ea73f\" data-element_type=\"section\" data-settings=\"{&quot;background_background&quot;:&quot;classic&quot;}\">\n\t\t\t\t\t\t<div class=\"elementor-container elementor-column-gap-default\">\n\t\t\t\t\t<div class=\"elementor-column elementor-col-100 elementor-top-column elementor-element elementor-element-e9f4b33 exad-glass-effect-no exad-sticky-section-no\" data-id=\"e9f4b33\" data-element_type=\"column\">\n\t\t\t<div class=\"elementor-widget-wrap elementor-element-populated\">\n\t\t\t\t\t\t\t\t<div class=\"elementor-element elementor-element-9ebf539 exad-sticky-section-no exad-glass-effect-no elementor-widget elementor-widget-heading\" data-id=\"9ebf539\" data-element_type=\"widget\" data-widget_type=\"heading.default\">\n\t\t\t\t<div class=\"elementor-widget-container\">\n\t\t\t<h3 class=\"elementor-heading-title elementor-size-default\">Who is Dr. Zeina Abou-Khalil?<\/h3>\t\t<\/div>\n\t\t\t\t<\/div>\n\t\t\t\t<div class=\"elementor-element elementor-element-26d02fd elementor-widget-divider--view-line exad-sticky-section-no exad-glass-effect-no elementor-widget elementor-widget-divider\" data-id=\"26d02fd\" data-element_type=\"widget\" data-widget_type=\"divider.default\">\n\t\t\t\t<div class=\"elementor-widget-container\">\n\t\t\t\t\t<div class=\"elementor-divider\">\n\t\t\t<span class=\"elementor-divider-separator\">\n\t\t\t\t\t\t<\/span>\n\t\t<\/div>\n\t\t\t\t<\/div>\n\t\t\t\t<\/div>\n\t\t\t\t<div class=\"elementor-element elementor-element-1cde0ed exad-sticky-section-no exad-glass-effect-no elementor-widget elementor-widget-text-editor\" data-id=\"1cde0ed\" data-element_type=\"widget\" data-widget_type=\"text-editor.default\">\n\t\t\t\t<div class=\"elementor-widget-container\">\n\t\t\t\t\t\t\t<p class=\" translation-block\">After earning her doctorate in dental medicine (DMD) from Universit\u00e9 de Montr\u00e9al, Dr. Zeina Abou-Khalil worked for several years in two dental clinics while pursuing training and professional development courses in Montr\u00e9al, Toronto and New York City. She added to her skills in endodontics and prosthetic reconstruction on implants, and took several courses in the health field. \u201cWe must never stop learning if we want to perfect our art. It\u2019s my duty to give my best to my patients, and luckily it\u2019s also a pleasure!\u201d says Dr. Abou-Khalil.<\/p><p class=\" translation-block\">Known for the excellence of her care, her gentleness, her professionalism and her contagious good mood, she opened the doors to her own clinic in 2015. Dr. Abou-Khalil is a member of the <a href=\"http:\/\/www.odq.qc.ca\/\" target=\"_self\" rel=\"noopener\">Ordre des dentistes du Qu\u00e9bec<\/a> and the <strong> <a href=\"http:\/\/www.acdq.qc.ca\/\" target=\"_self\" rel=\"noopener\">Association des chirurgiens dentistes du Qu\u00e9bec<\/a><\/strong>. She\u2019s a mom, and she loves travel, cross-country skiing and nature hiking. She has also taken pastry-making classes to fully express her creativity and bring joy to her loved ones.<\/p><p>\u201cI chose dentistry as my profession in order to bring together art and science, to heal and make beautiful, to repair and to care,\u201d says Dr. Abou-Khalil. \u201cI\u2019m a passionate perfectionist, and I love my work for its attention to detail, and its creative side, because no two cases are exactly the same. I also love the friendly and professional relationships I have with with my patients.\u201d <strong>Dr. Zeina Abou-Khalil<\/strong>.<\/p>\t\t\t\t\t\t<\/div>\n\t\t\t\t<\/div>\n\t\t\t\t\t<\/div>\n\t\t<\/div>\n\t\t\t\t\t\t\t<\/div>\n\t\t<\/section>\n\t\t\t\t<section data-exad-particle-enable=\"false\" class=\"elementor-section elementor-top-section elementor-element elementor-element-d8865f2 elementor-section-height-min-height elementor-section-items-stretch elementor-section-content-middle elementor-section-boxed elementor-section-height-default exad-parallax-effect-no exad-background-color-change-no exad-glass-effect-no exad-sticky-section-no\" data-id=\"d8865f2\" data-element_type=\"section\" data-settings=\"{&quot;background_background&quot;:&quot;slideshow&quot;,&quot;background_slideshow_gallery&quot;:[{&quot;id&quot;:3363,&quot;url&quot;:&quot;https:\\\/\\\/www.drzeinaclinic.com\\\/wp-content\\\/uploads\\\/2021\\\/11\\\/DrZeina-sourire-la-vie-1.webp&quot;},{&quot;id&quot;:3364,&quot;url&quot;:&quot;https:\\\/\\\/www.drzeinaclinic.com\\\/wp-content\\\/uploads\\\/2021\\\/11\\\/DrZeina-sourire-la-vie-2.webp&quot;},{&quot;id&quot;:3365,&quot;url&quot;:&quot;https:\\\/\\\/www.drzeinaclinic.com\\\/wp-content\\\/uploads\\\/2021\\\/11\\\/DrZeina-sourire-la-vie-3.webp&quot;},{&quot;id&quot;:3366,&quot;url&quot;:&quot;https:\\\/\\\/www.drzeinaclinic.com\\\/wp-content\\\/uploads\\\/2021\\\/11\\\/DrZeina-sourire-la-vie-4.webp&quot;},{&quot;id&quot;:3367,&quot;url&quot;:&quot;https:\\\/\\\/www.drzeinaclinic.com\\\/wp-content\\\/uploads\\\/2021\\\/11\\\/DrZeina-sourire-la-vie-5.webp&quot;}],&quot;background_slideshow_slide_duration&quot;:400,&quot;background_slideshow_transition_duration&quot;:400,&quot;background_slideshow_loop&quot;:&quot;yes&quot;,&quot;background_slideshow_slide_transition&quot;:&quot;fade&quot;}\">\n\t\t\t\t\t\t<div class=\"elementor-container elementor-column-gap-no\">\n\t\t\t\t\t<div class=\"elementor-column elementor-col-100 elementor-top-column elementor-element elementor-element-7db3caf exad-glass-effect-no exad-sticky-section-no\" data-id=\"7db3caf\" data-element_type=\"column\">\n\t\t\t<div class=\"elementor-widget-wrap elementor-element-populated\">\n\t\t\t\t\t\t\t\t<div class=\"elementor-element elementor-element-4e1ae09 exad-sticky-section-no exad-glass-effect-no elementor-widget elementor-widget-image\" data-id=\"4e1ae09\" data-element_type=\"widget\" data-widget_type=\"image.default\">\n\t\t\t\t<div class=\"elementor-widget-container\">\n\t\t\t\t\t\t\t\t\t\t\t\t\t\t\t<img decoding=\"async\" width=\"199\" height=\"79\" src=\"https:\/\/drzeinaclinic.com\/wp-content\/uploads\/2021\/11\/DreZeina_SourireLaVie.svg\" class=\"attachment-full size-full wp-image-3370\" alt=\"\" \/>\t\t\t\t\t\t\t\t\t\t\t\t\t\t\t<\/div>\n\t\t\t\t<\/div>\n\t\t\t\t<div class=\"elementor-element elementor-element-bba5b16 exad-sticky-section-no exad-glass-effect-no elementor-widget elementor-widget-spacer\" data-id=\"bba5b16\" data-element_type=\"widget\" data-widget_type=\"spacer.default\">\n\t\t\t\t<div class=\"elementor-widget-container\">\n\t\t\t\t\t<div class=\"elementor-spacer\">\n\t\t\t<div class=\"elementor-spacer-inner\"><\/div>\n\t\t<\/div>\n\t\t\t\t<\/div>\n\t\t\t\t<\/div>\n\t\t\t\t<div class=\"elementor-element elementor-element-f8a107a elementor-align-center elementor-mobile-align-justify exad-sticky-section-no exad-glass-effect-no elementor-widget elementor-widget-button\" data-id=\"f8a107a\" data-element_type=\"widget\" data-widget_type=\"button.default\">\n\t\t\t\t<div class=\"elementor-widget-container\">\n\t\t\t\t\t<div class=\"elementor-button-wrapper\">\n\t\t\t<a href=\"https:\/\/drzeinaclinic.com\/eng\/contact-et-urgence\" class=\"elementor-button-link elementor-button elementor-size-md\" role=\"button\">\n\t\t\t\t\t\t<span class=\"elementor-button-content-wrapper\">\n\t\t\t\t\t\t<span class=\"elementor-button-text\">Contact our dental clinic<\/span>\n\t\t<\/span>\n\t\t\t\t\t<\/a>\n\t\t<\/div>\n\t\t\t\t<\/div>\n\t\t\t\t<\/div>\n\t\t\t\t\t<\/div>\n\t\t<\/div>\n\t\t\t\t\t\t\t<\/div>\n\t\t<\/section>\n\t\t\t\t\t\t\t<\/div>","protected":false},"excerpt":{"rendered":"<p>\u00ab Il ne faut pas cesser d\u2019apprendre pour perfectionner son art. Donner le meilleur \u00e0 ses patients est un devoir et heureusement\u2026 un plaisir aussi! \u00bb Qui est Dre Zeina Abou-Khalil? Apr\u00e8s avoir obtenu son Doctorat en m\u00e9decine dentaire (D.M.D) de l\u2019Universit\u00e9 de Montr\u00e9al, Dre Zeina Abou-Khalil travaille pendant quelques ann\u00e9es dans deux cliniques dentaires [&hellip;]<\/p>","protected":false},"author":1,"featured_media":3294,"parent":0,"menu_order":0,"comment_status":"closed","ping_status":"closed","template":"elementor_theme","meta":{"footnotes":""},"_links":{"self":[{"href":"https:\/\/drzeinaclinic.com\/eng\/wp-json\/wp\/v2\/pages\/4004"}],"collection":[{"href":"https:\/\/drzeinaclinic.com\/eng\/wp-json\/wp\/v2\/pages"}],"about":[{"href":"https:\/\/drzeinaclinic.com\/eng\/wp-json\/wp\/v2\/types\/page"}],"author":[{"embeddable":true,"href":"https:\/\/drzeinaclinic.com\/eng\/wp-json\/wp\/v2\/users\/1"}],"replies":[{"embeddable":true,"href":"https:\/\/drzeinaclinic.com\/eng\/wp-json\/wp\/v2\/comments?post=4004"}],"version-history":[{"count":32,"href":"https:\/\/drzeinaclinic.com\/eng\/wp-json\/wp\/v2\/pages\/4004\/revisions"}],"predecessor-version":[{"id":4621,"href":"https:\/\/drzeinaclinic.com\/eng\/wp-json\/wp\/v2\/pages\/4004\/revisions\/4621"}],"wp:featuredmedia":[{"embeddable":true,"href":"https:\/\/drzeinaclinic.com\/eng\/wp-json\/wp\/v2\/media\/3294"}],"wp:attachment":[{"href":"https:\/\/drzeinaclinic.com\/eng\/wp-json\/wp\/v2\/media?parent=4004"}],"curies":[{"name":"wp","href":"https:\/\/api.w.org\/{rel}","templated":true}]}}